{"id":1531,"date":"2025-07-13T13:49:42","date_gmt":"2025-07-13T13:49:42","guid":{"rendered":"https:\/\/skiclub-roden.de\/?page_id=1531"},"modified":"2025-07-13T14:01:28","modified_gmt":"2025-07-13T14:01:28","slug":"sommerevent-2025","status":"publish","type":"page","link":"https:\/\/skiclub-roden.de\/?page_id=1531","title":{"rendered":"Sommerevent 2025"},"content":{"rendered":"\n<p class=\"has-medium-font-size\"><\/p>\n\n\n\n<figure class=\"wp-block-image size-large\"><img loading=\"lazy\" decoding=\"async\" width=\"1024\" height=\"859\" src=\"https:\/\/skiclub-roden.de\/wp-content\/uploads\/2025\/07\/image-1024x859.png\" alt=\"\" class=\"wp-image-1536\" srcset=\"https:\/\/skiclub-roden.de\/wp-content\/uploads\/2025\/07\/image-1024x859.png 1024w, https:\/\/skiclub-roden.de\/wp-content\/uploads\/2025\/07\/image-300x252.png 300w, https:\/\/skiclub-roden.de\/wp-content\/uploads\/2025\/07\/image-768x644.png 768w, https:\/\/skiclub-roden.de\/wp-content\/uploads\/2025\/07\/image-1536x1288.png 1536w, https:\/\/skiclub-roden.de\/wp-content\/uploads\/2025\/07\/image.png 2048w\" sizes=\"auto, (max-width: 1024px) 100vw, 1024px\" \/><\/figure>\n\n\n\n<p class=\"has-medium-font-size\">Wir freuen uns, euch unser Sommerevent 2025 ank\u00fcndigen zu k\u00f6nnen: Gemeinsam besuchen wir am Sonntag 31.08. den neuen Aqua Park in Losheim!<br>Vor Ort k\u00f6nnt ihr exklusiv den AquaPark ausprobieren, SUPs ausleihen, im Strandbad entspannen oder die Beachbar genie\u00dfen.<br>Anschlie\u00dfend geht es zur\u00fcck nach Saarlouis auf den Steinrausch in den Garten der Familie Fellinger zum gemeinsamen Schwenken.<\/p>\n\n\n\n<p class=\"has-medium-font-size\">Treffpunkte:<br>\u2022 Am See: 12 Uhr<br>\u2022 Zum Schwenken: 17 Uhr<\/p>\n\n\n\n<p class=\"has-medium-font-size\">Preise f\u00fcr Mitglieder:<br>\u2022 Aquapark (1 Stunde): 7\u202f\u20ac (statt regul\u00e4r 10\u202f\u20ac)<br>\u2022 SUP-Verleih: 10\u202f\u20ac (statt regul\u00e4r 15\u202f\u20ac)<\/p>\n\n\n\n<p class=\"has-medium-font-size\">Nat\u00fcrlich sind auch Freunde, Familie und Bekannte herzlich willkommen \u2013 f\u00fcr Nichtmitglieder gelten die regul\u00e4ren Preise.<\/p>\n\n\n\n<p class=\"has-medium-font-size\">Wichtiger Hinweis:<br>Der Eintritt ins Strandbad ist separat vor Ort zu zahlen. Die aktuellen Preise sind:<br>\u2022 Erwachsene: 4\u202f\u20ac<br>\u2022 Kinder\/Jugendliche (6\u201317 Jahre): 2\u202f\u20ac<br>\u2022 Kinder unter 6 Jahren: frei<\/p>\n\n\n\n<p class=\"has-medium-font-size\">Die Bezahlung erfolgt vor Ort in bar.<\/p>\n\n\n\n<p class=\"has-medium-font-size\">Bitte meldet euch per WhatsApp (an Tobias Fellinger oder hier in der Gruppe) oder per Mail (an: orga@skiclub-roden.de) bei uns an und gebt an, mit wie vielen Personen ihr kommt und was ihr buchen m\u00f6chtet.<br>Ihr k\u00f6nnt euch auch nur zum Schwenken anmelden.<\/p>\n\n\n\n<p class=\"has-medium-font-size\">Grillgut und Getr\u00e4nke werden vom Verein gestellt \u2013 wir freuen uns aber \u00fcber eine kleine Spende.<\/p>\n\n\n\n<p class=\"has-medium-font-size\">Wir w\u00fcrden uns sehr freuen, wenn viele von euch dabei sind!<\/p>\n\n\n\n<p class=\"has-medium-font-size\">Viele Gr\u00fc\u00dfe<br>Euer Vorstand<\/p>\n","protected":false},"excerpt":{"rendered":"<p>Wir freuen uns, euch unser Sommerevent 2025 ank\u00fcndigen zu k\u00f6nnen: Gemeinsam besuchen wir am Sonntag 31.08. den neuen Aqua Park&hellip;<\/p>\n","protected":false},"author":1,"featured_media":0,"parent":0,"menu_order":0,"comment_status":"closed","ping_status":"closed","template":"","meta":{"footnotes":""},"class_list":["post-1531","page","type-page","status-publish","hentry"],"_links":{"self":[{"href":"https:\/\/skiclub-roden.de\/index.php?rest_route=\/wp\/v2\/pages\/1531","targetHints":{"allow":["GET"]}}],"collection":[{"href":"https:\/\/skiclub-roden.de\/index.php?rest_route=\/wp\/v2\/pages"}],"about":[{"href":"https:\/\/skiclub-roden.de\/index.php?rest_route=\/wp\/v2\/types\/page"}],"author":[{"embeddable":true,"href":"https:\/\/skiclub-roden.de\/index.php?rest_route=\/wp\/v2\/users\/1"}],"replies":[{"embeddable":true,"href":"https:\/\/skiclub-roden.de\/index.php?rest_route=%2Fwp%2Fv2%2Fcomments&post=1531"}],"version-history":[{"count":2,"href":"https:\/\/skiclub-roden.de\/index.php?rest_route=\/wp\/v2\/pages\/1531\/revisions"}],"predecessor-version":[{"id":1537,"href":"https:\/\/skiclub-roden.de\/index.php?rest_route=\/wp\/v2\/pages\/1531\/revisions\/1537"}],"wp:attachment":[{"href":"https:\/\/skiclub-roden.de\/index.php?rest_route=%2Fwp%2Fv2%2Fmedia&parent=1531"}],"curies":[{"name":"wp","href":"https:\/\/api.w.org\/{rel}","templated":true}]}}