{"id":197,"date":"2019-06-24T18:49:25","date_gmt":"2019-06-24T18:49:25","guid":{"rendered":"http:\/\/skiclub-roden.saarpoint.com\/?page_id=20"},"modified":"2025-08-25T14:16:32","modified_gmt":"2025-08-25T14:16:32","slug":"skischule","status":"publish","type":"page","link":"https:\/\/skiclub-roden.de\/?page_id=197","title":{"rendered":"Skischule"},"content":{"rendered":"\n<p> Unsere neu gegr\u00fcndete und zertifizierte Skischule verf\u00fcgt derzeit \u00fcber acht \u00dcbungsleiterInnen aller Ausbildungsstufen: vom Basic-Instructor \u00fcber Instructor  bis zum Ausbilder f\u00fcr SkilehrerInnen im Deutschen Skiverband (DSV), entsprechend den Ausbildungsstufen  A-C im DOSB (Deutscher Olympischer Sportbund). Alle SkilehrerInnen werden bei Lehrg\u00e4ngen des SBSB regelm\u00e4\u00dfig aus- und weitergebildet. Sie k\u00f6nnen eine lange Skilehrererfahrung vorweisen und begleiten euch auf allen von uns angebotenen Fahrten. Ein weiteres wichtiges Ziel ist die Ausbildung von jungen SkilehrerInnen  und ihre folgende Integration in unsere Skischule.<\/p>\n\n\n\n<figure class=\"wp-block-image size-large\"><img loading=\"lazy\" decoding=\"async\" width=\"724\" height=\"1024\" src=\"https:\/\/skiclub-roden.de\/wp-content\/uploads\/2025\/08\/Zertifikat-724x1024.jpg\" alt=\"\" class=\"wp-image-1574\" srcset=\"https:\/\/skiclub-roden.de\/wp-content\/uploads\/2025\/08\/Zertifikat-724x1024.jpg 724w, https:\/\/skiclub-roden.de\/wp-content\/uploads\/2025\/08\/Zertifikat-212x300.jpg 212w, https:\/\/skiclub-roden.de\/wp-content\/uploads\/2025\/08\/Zertifikat-768x1087.jpg 768w, https:\/\/skiclub-roden.de\/wp-content\/uploads\/2025\/08\/Zertifikat.jpg 826w\" sizes=\"auto, (max-width: 724px) 100vw, 724px\" \/><\/figure>\n\n\n\n<p><\/p>\n\n\n\n<p>Wir bieten Kurse f\u00fcr alle Stufen des Fahrk\u00f6nnens an. Vom Anf\u00e4nger bis zum rennsportlich ambitionierten Fahrer werden die Teilnehmer geschult. Der reine Rennsport ( Stangentraining ) wird von unserem Verband (SBSB) durchgef\u00fchrt. Wir haben uns die Jugendf\u00f6rderung auf die Fahne geschrieben. Nicht selten werden reine Kinder- und Jugendkurse angeboten. Unser Team versucht die Technik und damit die Sicherheit eines jeden Skikursteilnehmers zu verbessern. Gerade neue Techniken flie\u00dfen in das Kursprogramm ein. Jeder Teilnehmer soll gefordert aber nicht \u00fcberfordert werden. Der Spa\u00df ist f\u00fcr uns wichtig. ( F\u00fcr Euch doch auch, oder? )<\/p>\n\n\n\n<p>Gerne stehen unsere SkilehrerInnen bei der Wahl des richtigen Materials zur Verf\u00fcgung. Ihr k\u00f6nnt uns jederzeit ansprechen, um gemeinsam das optimale Material f\u00fcr Euch auszusuchen. Bei richtiger Materialwahl kann man das &#8222;Einmaleins&#8220; des Skifahren\u00b4s in 2 bis 4 Tagen lernen und somit Abfahrten bis zum mittleren Schwierigkeitsgrad beherrschen. <\/p>\n","protected":false},"excerpt":{"rendered":"<p>Unsere neu gegr\u00fcndete und zertifizierte Skischule verf\u00fcgt derzeit \u00fcber acht \u00dcbungsleiterInnen aller Ausbildungsstufen: vom Basic-Instructor \u00fcber Instructor bis zum Ausbilder&hellip;<\/p>\n","protected":false},"author":1,"featured_media":0,"parent":0,"menu_order":0,"comment_status":"closed","ping_status":"closed","template":"","meta":{"footnotes":""},"class_list":["post-197","page","type-page","status-publish","hentry"],"_links":{"self":[{"href":"https:\/\/skiclub-roden.de\/index.php?rest_route=\/wp\/v2\/pages\/197","targetHints":{"allow":["GET"]}}],"collection":[{"href":"https:\/\/skiclub-roden.de\/index.php?rest_route=\/wp\/v2\/pages"}],"about":[{"href":"https:\/\/skiclub-roden.de\/index.php?rest_route=\/wp\/v2\/types\/page"}],"author":[{"embeddable":true,"href":"https:\/\/skiclub-roden.de\/index.php?rest_route=\/wp\/v2\/users\/1"}],"replies":[{"embeddable":true,"href":"https:\/\/skiclub-roden.de\/index.php?rest_route=%2Fwp%2Fv2%2Fcomments&post=197"}],"version-history":[{"count":8,"href":"https:\/\/skiclub-roden.de\/index.php?rest_route=\/wp\/v2\/pages\/197\/revisions"}],"predecessor-version":[{"id":1575,"href":"https:\/\/skiclub-roden.de\/index.php?rest_route=\/wp\/v2\/pages\/197\/revisions\/1575"}],"wp:attachment":[{"href":"https:\/\/skiclub-roden.de\/index.php?rest_route=%2Fwp%2Fv2%2Fmedia&parent=197"}],"curies":[{"name":"wp","href":"https:\/\/api.w.org\/{rel}","templated":true}]}}