{"id":198,"date":"2019-06-24T18:50:18","date_gmt":"2019-06-24T18:50:18","guid":{"rendered":"http:\/\/skiclub-roden.saarpoint.com\/?page_id=22"},"modified":"2025-11-02T15:57:52","modified_gmt":"2025-11-02T15:57:52","slug":"jahreshefte","status":"publish","type":"page","link":"https:\/\/skiclub-roden.de\/?page_id=198","title":{"rendered":"Jahreshefte \/ Presse"},"content":{"rendered":"\n<p> In unseren Jahresheften finden Sie viele Informationen zu unseren Touren. Hierzu z\u00e4hlen sowohl Informationen \u00fcber die Skigebiete als auch \u00fcber die Unterk\u00fcnfte. Au\u00dferdem gibt es viele Reiseberichte unserer Mitfahrer mit pers\u00f6nlichen Eindr\u00fccken und Feedback zu den Fahrten. Laden Sie die Skihefte einfach hier herrunter und verschaffen Sie sich selbst einen Eindruck \u00fcber das Angebot des Skiclubs! <\/p>\n\n\n<div class=\"wp-block-image\">\n<figure class=\"aligncenter size-full is-resized\"><a href=\"https:\/\/skiclub-roden.de\/wp-content\/uploads\/2025\/11\/Ski-Heft25-26.pdf\" target=\"_blank\" rel=\" noreferrer noopener\"><img loading=\"lazy\" decoding=\"async\" width=\"434\" height=\"613\" src=\"https:\/\/skiclub-roden.de\/wp-content\/uploads\/2025\/11\/Jahresprogramm-Titelseite25-26.png\" alt=\"\" class=\"wp-image-1604\" style=\"width:194px;height:auto\" srcset=\"https:\/\/skiclub-roden.de\/wp-content\/uploads\/2025\/11\/Jahresprogramm-Titelseite25-26.png 434w, https:\/\/skiclub-roden.de\/wp-content\/uploads\/2025\/11\/Jahresprogramm-Titelseite25-26-212x300.png 212w\" sizes=\"auto, (max-width: 434px) 100vw, 434px\" \/><\/a><\/figure>\n<\/div>\n\n<div class=\"wp-block-image\">\n<figure class=\"aligncenter size-full is-resized\"><a href=\"https:\/\/skiclub-roden.de\/wp-content\/uploads\/2024\/11\/Skiclub-Heft-24-25.pdf\" target=\"_blank\" rel=\" noreferrer noopener\"><img loading=\"lazy\" decoding=\"async\" width=\"361\" height=\"522\" src=\"https:\/\/skiclub-roden.de\/wp-content\/uploads\/2025\/08\/Titel-Jahresheft24-25.png\" alt=\"\" class=\"wp-image-1541\" style=\"width:192px;height:auto\" srcset=\"https:\/\/skiclub-roden.de\/wp-content\/uploads\/2025\/08\/Titel-Jahresheft24-25.png 361w, https:\/\/skiclub-roden.de\/wp-content\/uploads\/2025\/08\/Titel-Jahresheft24-25-207x300.png 207w\" sizes=\"auto, (max-width: 361px) 100vw, 361px\" \/><\/a><\/figure>\n<\/div>\n\n<div class=\"wp-block-image\">\n<figure class=\"aligncenter size-full is-resized\"><a href=\"https:\/\/skiclub-roden.de\/wp-content\/uploads\/2023\/11\/Jahresheft-23-24.pdf\" target=\"_blank\" rel=\"noreferrer noopener\"><img loading=\"lazy\" decoding=\"async\" width=\"448\" height=\"628\" src=\"https:\/\/skiclub-roden.de\/wp-content\/uploads\/2023\/11\/Jahresprogramm-23-24.png\" alt=\"\" class=\"wp-image-1324\" style=\"width:190px;height:auto\" srcset=\"https:\/\/skiclub-roden.de\/wp-content\/uploads\/2023\/11\/Jahresprogramm-23-24.png 448w, https:\/\/skiclub-roden.de\/wp-content\/uploads\/2023\/11\/Jahresprogramm-23-24-214x300.png 214w\" sizes=\"auto, (max-width: 448px) 100vw, 448px\" \/><\/a><\/figure>\n<\/div>\n\n\n<figure class=\"wp-block-table aligncenter is-style-stripes\"><table><tbody><tr><td class=\"has-text-align-center\" data-align=\"center\"><a aria-label=\"\ufffc (\u00f6ffnet in neuem Tab)\" href=\"https:\/\/skiclub-roden.de\/wp-content\/uploads\/2019\/10\/Jahresheft_2019-20.pdf\" target=\"_blank\" rel=\"noreferrer noopener\"><img loading=\"lazy\" decoding=\"async\" width=\"180\" height=\"253\" class=\"wp-image-430\" style=\"width: 180px;\" src=\"https:\/\/skiclub-roden.de\/wp-content\/uploads\/2019\/10\/Jahresprogramm-2019-20.jpg\" alt=\"\" srcset=\"https:\/\/skiclub-roden.de\/wp-content\/uploads\/2019\/10\/Jahresprogramm-2019-20.jpg 350w, https:\/\/skiclub-roden.de\/wp-content\/uploads\/2019\/10\/Jahresprogramm-2019-20-214x300.jpg 214w\" sizes=\"auto, (max-width: 180px) 100vw, 180px\" \/><\/a><\/td><td><\/td><\/tr><tr><td class=\"has-text-align-center\" data-align=\"center\"><a aria-label=\"\ufffc (\u00f6ffnet in neuem Tab)\" href=\"https:\/\/skiclub-roden.de\/wp-content\/uploads\/2019\/06\/Jahresheft-2017-18.pdf\" target=\"_blank\" rel=\"noreferrer noopener\"><img loading=\"lazy\" decoding=\"async\" width=\"200\" height=\"281\" class=\"wp-image-57\" style=\"width: 200px;\" src=\"https:\/\/skiclub-roden.de\/wp-content\/uploads\/2019\/06\/Jahresheft-2017-18.png\" alt=\"\" srcset=\"https:\/\/skiclub-roden.de\/wp-content\/uploads\/2019\/06\/Jahresheft-2017-18.png 350w, https:\/\/skiclub-roden.de\/wp-content\/uploads\/2019\/06\/Jahresheft-2017-18-214x300.png 214w\" sizes=\"auto, (max-width: 200px) 100vw, 200px\" \/><\/a><\/td><td><\/td><\/tr><tr><td class=\"has-text-align-center\" data-align=\"center\"><\/td><td><\/td><\/tr><tr><td class=\"has-text-align-center\" data-align=\"center\"><\/td><td><\/td><\/tr><\/tbody><\/table><\/figure>\n\n\n<div class=\"wp-block-image\">\n<figure class=\"aligncenter size-large\"><a href=\"https:\/\/skiclub-roden.de\/wp-content\/uploads\/2021\/03\/Wochenspiegel-zu-Corona.jpg\" target=\"_blank\" rel=\"noopener\"><img loading=\"lazy\" decoding=\"async\" width=\"300\" height=\"432\" src=\"https:\/\/skiclub-roden.de\/wp-content\/uploads\/2021\/03\/Wochenspiegel-zu-Corona-klein.jpg\" alt=\"\" class=\"wp-image-879\" srcset=\"https:\/\/skiclub-roden.de\/wp-content\/uploads\/2021\/03\/Wochenspiegel-zu-Corona-klein.jpg 300w, https:\/\/skiclub-roden.de\/wp-content\/uploads\/2021\/03\/Wochenspiegel-zu-Corona-klein-208x300.jpg 208w\" sizes=\"auto, (max-width: 300px) 100vw, 300px\" \/><\/a><\/figure>\n<\/div>","protected":false},"excerpt":{"rendered":"<p>In unseren Jahresheften finden Sie viele Informationen zu unseren Touren. Hierzu z\u00e4hlen sowohl Informationen \u00fcber die Skigebiete als auch \u00fcber&hellip;<\/p>\n","protected":false},"author":1,"featured_media":0,"parent":0,"menu_order":0,"comment_status":"closed","ping_status":"closed","template":"","meta":{"footnotes":""},"class_list":["post-198","page","type-page","status-publish","hentry"],"_links":{"self":[{"href":"https:\/\/skiclub-roden.de\/index.php?rest_route=\/wp\/v2\/pages\/198","targetHints":{"allow":["GET"]}}],"collection":[{"href":"https:\/\/skiclub-roden.de\/index.php?rest_route=\/wp\/v2\/pages"}],"about":[{"href":"https:\/\/skiclub-roden.de\/index.php?rest_route=\/wp\/v2\/types\/page"}],"author":[{"embeddable":true,"href":"https:\/\/skiclub-roden.de\/index.php?rest_route=\/wp\/v2\/users\/1"}],"replies":[{"embeddable":true,"href":"https:\/\/skiclub-roden.de\/index.php?rest_route=%2Fwp%2Fv2%2Fcomments&post=198"}],"version-history":[{"count":19,"href":"https:\/\/skiclub-roden.de\/index.php?rest_route=\/wp\/v2\/pages\/198\/revisions"}],"predecessor-version":[{"id":1606,"href":"https:\/\/skiclub-roden.de\/index.php?rest_route=\/wp\/v2\/pages\/198\/revisions\/1606"}],"wp:attachment":[{"href":"https:\/\/skiclub-roden.de\/index.php?rest_route=%2Fwp%2Fv2%2Fmedia&parent=198"}],"curies":[{"name":"wp","href":"https:\/\/api.w.org\/{rel}","templated":true}]}}