{"id":435,"date":"2019-11-03T20:54:33","date_gmt":"2019-11-03T20:54:33","guid":{"rendered":"http:\/\/skiclub-roden.de\/?page_id=435"},"modified":"2022-10-12T14:28:19","modified_gmt":"2022-10-12T14:28:19","slug":"uebungsleiter","status":"publish","type":"page","link":"https:\/\/skiclub-roden.de\/?page_id=435","title":{"rendered":"\u00dcbungsleiter"},"content":{"rendered":"\n<p>Wir stellen Euch demn\u00e4chst an dieser Stelle alle unsere derzeitigen acht \u00dcbungsleiterInnen der neu gegr\u00fcndeten und zertifizierten Skischule vor. Sie umfasst SkilehrerInnen aller Ausbildungsstufen: vom Basic-Instructor \u00fcber Instructor  bis zum Ausbilder f\u00fcr SkilehrerInnen im Deutschen Skiverband (DSV), entsprechend den Ausbildungsstufen  A-C im DOSB (Deutscher Olympischer Sportbund).<\/p>\n\n\n\n<p><\/p>\n\n\n\n<figure class=\"wp-block-image size-large\"><img decoding=\"async\" src=\"https:\/\/skiclub-roden.de\/wp-content\/uploads\/2022\/10\/Zertifikat-Skischule-scaled.jpg\" alt=\"\"\/><\/figure>\n","protected":false},"excerpt":{"rendered":"<p>Wir stellen Euch demn\u00e4chst an dieser Stelle alle unsere derzeitigen acht \u00dcbungsleiterInnen der neu gegr\u00fcndeten und zertifizierten Skischule vor. Sie&hellip;<\/p>\n","protected":false},"author":1,"featured_media":0,"parent":0,"menu_order":0,"comment_status":"closed","ping_status":"closed","template":"","meta":{"footnotes":""},"class_list":["post-435","page","type-page","status-publish","hentry"],"_links":{"self":[{"href":"https:\/\/skiclub-roden.de\/index.php?rest_route=\/wp\/v2\/pages\/435","targetHints":{"allow":["GET"]}}],"collection":[{"href":"https:\/\/skiclub-roden.de\/index.php?rest_route=\/wp\/v2\/pages"}],"about":[{"href":"https:\/\/skiclub-roden.de\/index.php?rest_route=\/wp\/v2\/types\/page"}],"author":[{"embeddable":true,"href":"https:\/\/skiclub-roden.de\/index.php?rest_route=\/wp\/v2\/users\/1"}],"replies":[{"embeddable":true,"href":"https:\/\/skiclub-roden.de\/index.php?rest_route=%2Fwp%2Fv2%2Fcomments&post=435"}],"version-history":[{"count":26,"href":"https:\/\/skiclub-roden.de\/index.php?rest_route=\/wp\/v2\/pages\/435\/revisions"}],"predecessor-version":[{"id":1141,"href":"https:\/\/skiclub-roden.de\/index.php?rest_route=\/wp\/v2\/pages\/435\/revisions\/1141"}],"wp:attachment":[{"href":"https:\/\/skiclub-roden.de\/index.php?rest_route=%2Fwp%2Fv2%2Fmedia&parent=435"}],"curies":[{"name":"wp","href":"https:\/\/api.w.org\/{rel}","templated":true}]}}