{"id":95,"date":"2019-06-30T13:10:23","date_gmt":"2019-06-30T13:10:23","guid":{"rendered":"http:\/\/skiclub-roden.saarpoint.com\/?page_id=95"},"modified":"2024-08-20T17:35:55","modified_gmt":"2024-08-20T17:35:55","slug":"impressum","status":"publish","type":"page","link":"https:\/\/skiclub-roden.de\/?page_id=95","title":{"rendered":"Impressum"},"content":{"rendered":"\n<h2 class=\"wp-block-heading\">\n\t\t\t\t\t\t\t\t\tImpressum\t\t\t\t\t\t\t<\/h2>\n\n\n\n<figure class=\"wp-block-table\"><table><tbody><tr><td><strong>Angaben gem. \u00a7 5 TMG<\/strong> <br>Skiclub 1987 Saarlouis-Roden e.V. <br>Elbestra\u00dfe 29 <br>D-66740 Saarlouis<br><br>Vereinsregister Amtsgericht Saarlouis Nr. 155<\/td><td> <br> <\/td><\/tr><\/tbody><\/table><\/figure>\n\n\n\n<p>Vorstand<br>1, Vorsitzender: Tobias Fellinger<br>2. Vorsitzender: Christoph Traum<br>Amtsgericht Saarlouis<\/p>\n\n\n\n<figure class=\"wp-block-table\"><table><tbody><tr><td><strong>Verantwortlich f\u00fcr den Inhalt: \u00a7 55 Abs. 2 RStV<\/strong> <br>Tobias Fellinger<br>Elbestra\u00dfe 29<br>66740 Saarlouis<br>Deutschland<br>Tel.: +49 1516 2616358<\/td><td><\/td><\/tr><\/tbody><\/table><\/figure>\n\n\n\n<h5 class=\"wp-block-heading\"><strong>Kontakt<\/strong> E-Mail: <\/h5>\n\n\n\n<p><a href=\"mailto:info@skiclub-roden.de\">info@skiclub-roden.de<\/a> <\/p>\n\n\n\n<p>Web: <a href=\"http:\/\/www.skiclub-roden.de\/\">www.skiclub-roden.de<\/a> &nbsp;  <\/p>\n\n\n\n<p><strong>Ladungsf\u00e4hige Anschrift:<\/strong><\/p>\n\n\n\n<p><strong>Tobias Fellinger<br>Elbestra\u00dfe 29<br>66740 Saarlouis<\/strong><\/p>\n\n\n\n<p><strong>Gesch\u00e4ftszeiten: Mo-Fr 9.00 &#8211; 18.00 Uhr <br><\/strong><\/p>\n\n\n\n<h3 class=\"wp-block-heading\">Haftungsausschluss<\/h3>\n\n\n\n<p>Trotz\n sorgf\u00e4ltiger inhaltlicher Kontrolle \u00fcbernehme ich keine Haftung f\u00fcr die\n Inhalte externer Links. F\u00fcr den Inhalt der verlinkten Seiten sind \nausschlie\u00dflich deren Betreiber verantwortlich.<\/p>\n\n\n\n<p>Das\n Kopieren und Ver\u00f6ffentlichen der in diesem Internetangebot befindlichen\n Texte, Bilder und Informationen, ist nur nach ausdr\u00fccklicher \nschriftlicher Genehmigung des Betreibers gestattet.<\/p>\n\n\n\n<p>Hinweis:\n Ich habe dem Anspruch gen\u00fcge getan und im Impressum meine Mail-Adresse \nhinterlegt. Die Zusendung von Werbemails ohne vorherige explizite \nZustimmung (UCE) oder sonstiger Massenmails (UBE) untersage ich \nausdr\u00fccklich.<\/p>\n\n\n\n<h3 class=\"wp-block-heading\">1. Inhalt des Onlineangebots<\/h3>\n\n\n\n<p>Der\n Autor \u00fcbernimmt keinerlei Gew\u00e4hr f\u00fcr die Aktualit\u00e4t, Korrektheit, \nVollst\u00e4ndigkeit oder Qualit\u00e4t der bereitgestellten Informationen. \nHaftungsanspr\u00fcche gegen den Autor, die sich auf Sch\u00e4den materieller oder\n ideeller Art beziehen, welche durch die Nutzung oder Nichtnutzung der \ndargebotenen Informationen bzw. durch die Nutzung fehlerhafter und \nunvollst\u00e4ndiger Informationen verursacht wurden, sind grunds\u00e4tzlich \nausgeschlossen, sofern seitens des Autors kein nachweislich \nvors\u00e4tzliches oder grob fahrl\u00e4ssiges Verschulden vorliegt. Alle Angebote\n sind freibleibend und unverbindlich. Der Autor beh\u00e4lt es sich \nausdr\u00fccklich vor, Teile der Seiten oder das gesamte Angebot ohne \ngesonderte Ank\u00fcndigung zu ver\u00e4ndern, zu erg\u00e4nzen, zu l\u00f6schen oder die \nVer\u00f6ffentlichung zeitweise oder endg\u00fcltig einzustellen.<\/p>\n\n\n\n<h3 class=\"wp-block-heading\">2. Verweise und Links<\/h3>\n\n\n\n<p>Bei\n auf dieser Website vorhandenen direkten oder indirekten Verweisen\/Links\n auf fremde Internetseiten, die au\u00dferhalb des Verantwortungsbereiches \ndes Autors liegen, haftet dieser nur dann, wenn er von den Inhalten \nKenntnis hat und es ihm technisch m\u00f6glich und zumutbar w\u00e4re, die Nutzung\n im Falle rechtswidriger Inhalte zu verhindern.<\/p>\n\n\n\n<p>Der\n Autor erkl\u00e4rt hiermit ausdr\u00fccklich, dass zum Zeitpunkt der Linksetzung \ndie entsprechenden verlinkten Seiten frei von illegalen Inhalten waren. \nDer Autor erkl\u00e4rt weiterhin, dass er keinerlei Einfluss auf die aktuelle\n und zuk\u00fcnftige Gestaltung und auf die Inhalte der verlinkten Seiten \nhat. Deshalb distanziert er sich hiermit ausdr\u00fccklich von allen Inhalten\n aller verlinkten Seiten, die nach der Linksetzung ver\u00e4ndert wurden. \nDiese Feststellung gilt f\u00fcr alle innerhalb des eigenen Internetangebots \ngesetzten Links und Verweise.<\/p>\n\n\n\n<p>F\u00fcr\n illegale, fehlerhafte oder unvollst\u00e4ndige Inhalte und insbesondere f\u00fcr \nSch\u00e4den, die aus der Nutzung oder Nichtnutzung solcherart dargebotener \nInformationen entstehen, haftet allein der Anbieter der Seite, auf \nwelche verwiesen wurde, nicht derjenige, der \u00fcber Links auf die \njeweilige Ver\u00f6ffentlichung lediglich verweist.<\/p>\n\n\n\n<h3 class=\"wp-block-heading\">3. Urheber- und Kennzeichenrecht<\/h3>\n\n\n\n<p>Der\n Betreiber dieser Website ist bestrebt, in allen Publikationen die \nUrheberrechte der verwendeten Grafiken, Tondokumente, Videosequenzen und\n Texte zu beachten, von ihm selbst erstellte Grafiken, Tondokumente, \nVideosequenzen und Texte zu nutzen oder auf lizenzfreie Grafiken, \nTondokumente, Videosequenzen und Texte zur\u00fcckzugreifen.<\/p>\n\n\n\n<p>Alle\n innerhalb des Internetangebotes genannten und ggf. durch Dritte \ngesch\u00fctzten Marken- und Warenzeichen unterliegen uneingeschr\u00e4nkt den \nBestimmungen des jeweils g\u00fcltigen Kennzeichenrechts und den \nBesitzrechten der jeweiligen eingetragenen Eigent\u00fcmer. Allein aufgrund \nder blo\u00dfen Nennung ist nicht der Schluss zu ziehen, dass Markenzeichen \nnicht durch Rechte Dritter gesch\u00fctzt sind!<\/p>\n\n\n\n<p>Das\n Copyright f\u00fcr ver\u00f6ffentlichte, vom Inhaber selbst erstellte Objekte \nbleibt allein beim Inhaber der Seiten. Eine Vervielf\u00e4ltigung oder \nVerwendung solcher Grafiken, Tondokumente, Videosequenzen und Texte in \nanderen elektronischen oder gedruckten Publikationen ist ohne \nausdr\u00fcckliche Zustimmung des Inhabers nicht gestattet.<\/p>\n\n\n\n<h3 class=\"wp-block-heading\">4. Datenschutz<\/h3>\n\n\n\n<p>Sofern\n innerhalb des Internetangebotes die M\u00f6glichkeit zur Eingabe \npers\u00f6nlicher oder gesch\u00e4ftlicher Daten (Emailadressen, Namen, \nAnschriften, etc.) besteht, so erfolgt die Preisgabe dieser Daten \nseitens des Nutzers auf ausdr\u00fccklich freiwilliger Basis. Soweit Sie uns \npersonenbezogene Daten zur Verf\u00fcgung gestellt haben, verwenden wir diese\n nur zur Beantwortung Ihrer Anfragen, zur Abwicklung mit Ihnen \ngeschlossener Vertr\u00e4ge und f\u00fcr die technische Administration.<\/p>\n\n\n\n<p>Die\n Nutzung der im Rahmen des Impressums oder vergleichbarer Angaben \nver\u00f6ffentlichten Kontaktdaten wie Postanschriften, Telefon- und \nFaxnummern sowie Emailadressen durch Dritte zur \u00dcbersendung von nicht \nausdr\u00fccklich angeforderten Informationen ist nicht gestattet.<\/p>\n\n\n\n<p>S\u00e4mtliche\n Daten der Nutzer dieses Onlineangebots (Kontaktdaten, Dokumente, \nBilder, etc.) unterliegen dem Datenschutz und sind anonym. Das Kopieren,\n Ver\u00f6ffentlichen oder Weiterleiten dieser Daten ist ohne die \nausdr\u00fcckliche Zustimmung des Nutzers untersagt.<\/p>\n\n\n\n<p>Bei\n Verst\u00f6\u00dfen gegen die oben genannten Datenschutzbestimmungen ist es dem \nInhaber dieses Onlineangebots ausdr\u00fccklich vorbehalten rechtliche \nSchritte gegen den Missbrauch einzuleiten.<\/p>\n\n\n\n<p>Detailliertere Informationen zum Datenschutz finden Sie <a href=\"https:\/\/skiclub-roden.de\/?page_id=93\">hier<\/a>.<\/p>\n\n\n\n<h3 class=\"wp-block-heading\">5. Rechtswirksamkeit dieses Haftungsausschlusses<\/h3>\n\n\n\n<p>Dieser\n Haftungsausschluss ist als Teil des Internetangebotes zu betrachten, \nvon dem aus auf diese Seite verwiesen wurde. Sofern Teile oder einzelne \nFormulierungen dieses Textes der geltenden Rechtslage nicht, nicht mehr \noder nicht vollst\u00e4ndig entsprechen sollten, bleiben die \u00fcbrigen Teile \ndes Dokumentes in ihrem Inhalt und ihrer G\u00fcltigkeit davon unber\u00fchrt.<\/p>\n","protected":false},"excerpt":{"rendered":"<p>Impressum Angaben gem. \u00a7 5 TMG Skiclub 1987 Saarlouis-Roden e.V. Elbestra\u00dfe 29 D-66740 Saarlouis Vereinsregister Amtsgericht Saarlouis Nr. 155 Vorstand1,&hellip;<\/p>\n","protected":false},"author":1,"featured_media":0,"parent":0,"menu_order":0,"comment_status":"closed","ping_status":"closed","template":"","meta":{"footnotes":""},"class_list":["post-95","page","type-page","status-publish","hentry"],"_links":{"self":[{"href":"https:\/\/skiclub-roden.de\/index.php?rest_route=\/wp\/v2\/pages\/95","targetHints":{"allow":["GET"]}}],"collection":[{"href":"https:\/\/skiclub-roden.de\/index.php?rest_route=\/wp\/v2\/pages"}],"about":[{"href":"https:\/\/skiclub-roden.de\/index.php?rest_route=\/wp\/v2\/types\/page"}],"author":[{"embeddable":true,"href":"https:\/\/skiclub-roden.de\/index.php?rest_route=\/wp\/v2\/users\/1"}],"replies":[{"embeddable":true,"href":"https:\/\/skiclub-roden.de\/index.php?rest_route=%2Fwp%2Fv2%2Fcomments&post=95"}],"version-history":[{"count":11,"href":"https:\/\/skiclub-roden.de\/index.php?rest_route=\/wp\/v2\/pages\/95\/revisions"}],"predecessor-version":[{"id":1395,"href":"https:\/\/skiclub-roden.de\/index.php?rest_route=\/wp\/v2\/pages\/95\/revisions\/1395"}],"wp:attachment":[{"href":"https:\/\/skiclub-roden.de\/index.php?rest_route=%2Fwp%2Fv2%2Fmedia&parent=95"}],"curies":[{"name":"wp","href":"https:\/\/api.w.org\/{rel}","templated":true}]}}